{"id":649,"date":"2021-03-13T13:31:04","date_gmt":"2021-03-13T13:31:04","guid":{"rendered":"https:\/\/business.pulzus.eu\/?page_id=649"},"modified":"2022-11-29T16:15:28","modified_gmt":"2022-11-29T14:15:28","slug":"kapcsolat","status":"publish","type":"page","link":"https:\/\/business.pulzus.eu\/en\/kapcsolat\/","title":{"rendered":"CONTACT"},"content":{"rendered":"<section class=\"section\" id=\"section_1353970\">\n\t\t<div class=\"section-bg fill\" >\n\t\t\t<img loading=\"lazy\" decoding=\"async\" width=\"1500\" height=\"600\" src=\"https:\/\/business.pulzus.eu\/wp-content\/uploads\/2021\/03\/bg-fooldal-1.jpg\" class=\"bg attachment- size-\" alt=\"\" \/>\t\t\t\t\t\t<div class=\"section-bg-overlay absolute fill\"><\/div>\n\t\t\t\n\n\t\t<\/div>\n\n\t\t\n\n\t\t<div class=\"section-content relative\">\n\t\t\t\n<div class=\"row\" style=\"max-width:1200px\" id=\"row-2133911676\">\n\n\t<div id=\"col-1502783888\" class=\"col medium-12 small-12 large-12\"  >\n\t\t\t\t<div class=\"col-inner\"  >\n\t\t\t\n\t\t\t\n\t<div id=\"gap-553833614\" class=\"gap-element clearfix\" style=\"display:block; height:auto;\">\n\t\t\n<style>\n#gap-553833614 {\n  padding-top: 30px;\n}\n<\/style>\n\t<\/div>\n\t\n\t<div id=\"text-107285643\" class=\"text\">\n\t\t\n<h6>Pulse Researcher<\/h6>\n\t\t\n<style>\n#text-107285643 {\n  font-size: 1rem;\n  color: rgb(255, 255, 255);\n}\n#text-107285643 > * {\n  color: rgb(255, 255, 255);\n}\n@media (min-width:550px) {\n  #text-107285643 {\n    font-size: 1.25rem;\n  }\n}\n<\/style>\n\t<\/div>\n\t\n\t<div id=\"text-2107429113\" class=\"text\">\n\t\t\n<h4>CONTACT<\/h4>\n\t\t\n<style>\n#text-2107429113 {\n  font-size: 2.5rem;\n  color: rgb(255, 255, 255);\n}\n#text-2107429113 > * {\n  color: rgb(255, 255, 255);\n}\n@media (min-width:550px) {\n  #text-2107429113 {\n    font-size: 3rem;\n  }\n}\n<\/style>\n\t<\/div>\n\t\n\t\t<\/div>\n\t\t\t\t\n<style>\n#col-1502783888 > .col-inner {\n  padding: 0px 0px 0px 0;\n}\n@media (min-width:550px) {\n  #col-1502783888 > .col-inner {\n    padding: 0px 0px 0px 30px;\n  }\n}\n<\/style>\n\t<\/div>\n\n\t\n<\/div>\n\t\t<\/div>\n\n\t\t\n<style>\n#section_1353970 {\n  padding-top: 30px;\n  padding-bottom: 30px;\n  min-height: 100px;\n}\n#section_1353970 .section-bg-overlay {\n  background-color: rgba(0, 0, 0, 0.273);\n}\n#section_1353970 .section-bg img {\n  object-position: 65% 50%;\n}\n@media (min-width:550px) {\n  #section_1353970 {\n    min-height: 250px;\n  }\n}\n@media (min-width:850px) {\n  #section_1353970 {\n    min-height: 300px;\n  }\n}\n<\/style>\n\t<\/section>\n\t\n\n\t<section class=\"section has-parallax\" id=\"section_1197276479\">\n\t\t<div class=\"section-bg fill\" data-parallax-container=\".section\" data-parallax-background data-parallax=\"-7\">\n\t\t\t<img loading=\"lazy\" decoding=\"async\" width=\"1200\" height=\"1500\" src=\"https:\/\/business.pulzus.eu\/wp-content\/uploads\/2021\/03\/pulzus-white-grey-bg.jpg\" class=\"bg attachment- size-\" alt=\"\" \/>\t\t\t\t\t\t\n\t\t\t\n\n\t\t<\/div>\n\n\t\t\n\n\t\t<div class=\"section-content relative\">\n\t\t\t\n<div class=\"row row-collapse row-full-width\"  id=\"row-1372517878\">\n\n\t<div id=\"col-143444733\" class=\"col small-12 large-12\"  >\n\t\t\t\t<div class=\"col-inner\"  >\n\t\t\t\n\t\t\t\n\t\t<\/div>\n\t\t\t\t\n<style>\n#col-143444733 > .col-inner {\n  padding: 0px 30px 0px 30px;\n}\n<\/style>\n\t<\/div>\n\n\t\n<\/div>\n<div class=\"row row-large\" style=\"max-width:1400px\" id=\"row-227321135\">\n\n\t<div id=\"col-34011781\" class=\"col small-12 large-12\"  >\n\t\t\t\t<div class=\"col-inner\" style=\"background-color:rgb(255, 255, 255);\" >\n\t\t\t\n\t\t\t\n<div class=\"row row-collapse row-full-width\"  id=\"row-200393012\">\n\n\t<div id=\"col-2018317907\" class=\"col medium-12 small-12 large-6\"  >\n\t\t\t\t<div class=\"col-inner\"  >\n\t\t\t\n\t\t\t\n<h2><span style=\"font-size: 120%;\">Get in touch with us<\/span><\/h2>\n\t<div id=\"gap-421635416\" class=\"gap-element clearfix\" style=\"display:block; height:auto;\">\n\t\t\n<style>\n#gap-421635416 {\n  padding-top: 20px;\n}\n@media (min-width:550px) {\n  #gap-421635416 {\n    padding-top: 20px;\n  }\n}\n@media (min-width:850px) {\n  #gap-421635416 {\n    padding-top: 30px;\n  }\n}\n<\/style>\n\t<\/div>\n\t\n<div class=\"row\"  id=\"row-1714361050\">\n\n\t<div id=\"col-1123416899\" class=\"col medium-6 small-12 large-6\"  >\n\t\t\t\t<div class=\"col-inner\"  >\n\t\t\t\n\t\t\t\n\t<div class=\"img has-hover x md-x lg-x y md-y lg-y\" id=\"image_151842827\">\n\t\t\t\t\t\t\t\t<div class=\"img-inner dark\" >\n\t\t\t<img loading=\"lazy\" decoding=\"async\" width=\"240\" height=\"240\" src=\"https:\/\/business.pulzus.eu\/wp-content\/uploads\/2021\/03\/mail-open-fill-1.png\" class=\"attachment-large size-large\" alt=\"\" srcset=\"https:\/\/business.pulzus.eu\/wp-content\/uploads\/2021\/03\/mail-open-fill-1.png 240w, https:\/\/business.pulzus.eu\/wp-content\/uploads\/2021\/03\/mail-open-fill-1-100x100.png 100w, https:\/\/business.pulzus.eu\/wp-content\/uploads\/2021\/03\/mail-open-fill-1-150x150.png 150w\" sizes=\"auto, (max-width: 240px) 100vw, 240px\" \/>\t\t\t\t\t\t\n\t\t\t\t\t<\/div>\n\t\t\t\t\t\t\t\t\n<style>\n#image_151842827 {\n  width: 15%;\n}\n@media (min-width:550px) {\n  #image_151842827 {\n    width: 20%;\n  }\n}\n<\/style>\n\t<\/div>\n\t\n<h3 class=\"uppercase\">E-mail<\/h3>\n<p>sales@pulzus.eu<\/p>\n\t\t<\/div>\n\t\t\t\t\t<\/div>\n\n\t\n\n\t<div id=\"col-1232300556\" class=\"col medium-6 small-12 large-6\"  >\n\t\t\t\t<div class=\"col-inner\"  >\n\t\t\t\n\t\t\t\n\t<div class=\"img has-hover x md-x lg-x y md-y lg-y\" id=\"image_195019309\">\n\t\t\t\t\t\t\t\t<div class=\"img-inner dark\" >\n\t\t\t<img loading=\"lazy\" decoding=\"async\" width=\"240\" height=\"240\" src=\"https:\/\/business.pulzus.eu\/wp-content\/uploads\/2021\/03\/phone-fill-1.png\" class=\"attachment-large size-large\" alt=\"\" srcset=\"https:\/\/business.pulzus.eu\/wp-content\/uploads\/2021\/03\/phone-fill-1.png 240w, https:\/\/business.pulzus.eu\/wp-content\/uploads\/2021\/03\/phone-fill-1-100x100.png 100w, https:\/\/business.pulzus.eu\/wp-content\/uploads\/2021\/03\/phone-fill-1-150x150.png 150w\" sizes=\"auto, (max-width: 240px) 100vw, 240px\" \/>\t\t\t\t\t\t\n\t\t\t\t\t<\/div>\n\t\t\t\t\t\t\t\t\n<style>\n#image_195019309 {\n  width: 15%;\n}\n@media (min-width:550px) {\n  #image_195019309 {\n    width: 20%;\n  }\n}\n<\/style>\n\t<\/div>\n\t\n<h3 class=\"uppercase\">phone<\/h3>\n<p>+36 1 393 5100<\/p>\n\t\t<\/div>\n\t\t\t\t\t<\/div>\n\n\t\n<\/div>\n<div class=\"row\"  id=\"row-528895278\">\n\n\t<div id=\"col-1060042265\" class=\"col medium-6 small-12 large-6\"  >\n\t\t\t\t<div class=\"col-inner\"  >\n\t\t\t\n\t\t\t\n\t<div class=\"img has-hover x md-x lg-x y md-y lg-y\" id=\"image_1656342862\">\n\t\t\t\t\t\t\t\t<div class=\"img-inner dark\" >\n\t\t\t<img loading=\"lazy\" decoding=\"async\" width=\"240\" height=\"240\" src=\"https:\/\/business.pulzus.eu\/wp-content\/uploads\/2021\/03\/map-pin-2-fill-2-1.png\" class=\"attachment-large size-large\" alt=\"\" srcset=\"https:\/\/business.pulzus.eu\/wp-content\/uploads\/2021\/03\/map-pin-2-fill-2-1.png 240w, https:\/\/business.pulzus.eu\/wp-content\/uploads\/2021\/03\/map-pin-2-fill-2-1-100x100.png 100w, https:\/\/business.pulzus.eu\/wp-content\/uploads\/2021\/03\/map-pin-2-fill-2-1-150x150.png 150w\" sizes=\"auto, (max-width: 240px) 100vw, 240px\" \/>\t\t\t\t\t\t\n\t\t\t\t\t<\/div>\n\t\t\t\t\t\t\t\t\n<style>\n#image_1656342862 {\n  width: 15%;\n}\n@media (min-width:550px) {\n  #image_1656342862 {\n    width: 20%;\n  }\n}\n<\/style>\n\t<\/div>\n\t\n<h3 class=\"uppercase\">Address<\/h3>\n<p>1096 Budapest,<br \/>\nThaly K\u00e1lm\u00e1n utca 39.<\/p>\n\t\t<\/div>\n\t\t\t\t\t<\/div>\n\n\t\n\n\t<div id=\"col-222281729\" class=\"col medium-6 small-12 large-6\"  >\n\t\t\t\t<div class=\"col-inner\"  >\n\t\t\t\n\t\t\t\n\t\t<\/div>\n\t\t\t\t\t<\/div>\n\n\t\n<\/div>\n\t\t<\/div>\n\t\t\t\t\n<style>\n#col-2018317907 > .col-inner {\n  padding: 0px 0px 0px 20px;\n}\n<\/style>\n\t<\/div>\n\n\t\n\n\t<div id=\"col-279709577\" class=\"col medium-12 small-12 large-6\"  >\n\t\t\t\t<div class=\"col-inner\"  >\n\t\t\t\n\t\t\t\n<div class=\"caldera-grid\" id=\"caldera_form_2\" data-cf-ver=\"1.9.7\" data-cf-form-id=\"CF608a4c2863fe1\"><div id=\"caldera_notices_2\" data-spinner=\"https:\/\/business.pulzus.eu\/wp-admin\/images\/spinner.gif\"><\/div><form data-instance=\"2\" class=\"CF608a4c2863fe1 caldera_forms_form cfajax-trigger\" method=\"POST\" enctype=\"multipart\/form-data\" id=\"CF608a4c2863fe1_2\" data-form-id=\"CF608a4c2863fe1\" aria-label=\"Contact\" data-target=\"#caldera_notices_2\" data-template=\"#cfajax_CF608a4c2863fe1-tmpl\" data-cfajax=\"CF608a4c2863fe1\" data-load-element=\"_parent\" data-load-class=\"cf_processing\" data-post-disable=\"0\" data-action=\"cf_process_ajax_submit\" data-request=\"https:\/\/business.pulzus.eu\/en\/cf-api\/CF608a4c2863fe1\" data-hiderows=\"true\">\r\n<input type=\"hidden\" id=\"_cf_verify_CF608a4c2863fe1\" name=\"_cf_verify\" value=\"95af016f58\"  data-nonce-time=\"1778674799\" \/><input type=\"hidden\" name=\"_wp_http_referer\" value=\"\/en\/wp-json\/wp\/v2\/pages\/649\" \/><div id=\"cf2-CF608a4c2863fe1_2\"><\/div><input type=\"hidden\" name=\"_cf_frm_id\" value=\"CF608a4c2863fe1\">\r\n<input type=\"hidden\" name=\"_cf_frm_ct\" value=\"2\">\r\n<input type=\"hidden\" name=\"cfajax\" value=\"CF608a4c2863fe1\">\r\n<input type=\"hidden\" name=\"_cf_cr_pst\" value=\"649\">\r\n<div class=\"hide\" style=\"display:none; overflow:hidden;height:0;width:0;\">\r\n<label>Twitter<\/label><input type=\"text\" name=\"twitter\" value=\"\" autocomplete=\"off\">\r\n<\/div><div id=\"CF608a4c2863fe1_2-row-1\"  class=\"row  first_row\"><div  class=\"col-sm-12  single\"><\/div><\/div><div id=\"CF608a4c2863fe1_2-row-2\"  class=\"row \"><div  class=\"col-sm-6  first_col\"><div data-field-wrapper=\"fld_8768091\" class=\"form-group\" id=\"fld_8768091_2-wrap\">\r\n\t<label id=\"fld_8768091Label\" for=\"fld_8768091_2\" class=\"control-label\">Last Name <span aria-hidden=\"true\" role=\"presentation\" class=\"field_required\" style=\"color:#ee0000;\">*<\/span><\/label>\r\n\t<div class=\"\">\r\n\t\t<input placeholder=\"Last name\"  required type=\"text\" data-field=\"fld_8768091\" class=\" form-control\" id=\"fld_8768091_2\" name=\"fld_8768091\" value=\"\" data-type=\"text\" aria-required=\"true\"   aria-labelledby=\"fld_8768091Label\" >\t\t\t<\/div>\r\n<\/div>\r\n<\/div><div  class=\"col-sm-6  last_col\"><div data-field-wrapper=\"fld_9970286\" class=\"form-group\" id=\"fld_9970286_2-wrap\">\r\n\t<label id=\"fld_9970286Label\" for=\"fld_9970286_2\" class=\"control-label\">First Name <span aria-hidden=\"true\" role=\"presentation\" class=\"field_required\" style=\"color:#ee0000;\">*<\/span><\/label>\r\n\t<div class=\"\">\r\n\t\t<input placeholder=\"First name\"  required type=\"text\" data-field=\"fld_9970286\" class=\" form-control\" id=\"fld_9970286_2\" name=\"fld_9970286\" value=\"\" data-type=\"text\" aria-required=\"true\"   aria-labelledby=\"fld_9970286Label\" >\t\t\t<\/div>\r\n<\/div>\r\n<\/div><\/div><div id=\"CF608a4c2863fe1_2-row-3\"  class=\"row \"><div  class=\"col-sm-6  first_col\"><div data-field-wrapper=\"fld_6009157\" class=\"form-group\" id=\"fld_6009157_2-wrap\">\r\n\t<label id=\"fld_6009157Label\" for=\"fld_6009157_2\" class=\"control-label\">E-mail <span aria-hidden=\"true\" role=\"presentation\" class=\"field_required\" style=\"color:#ee0000;\">*<\/span><\/label>\r\n\t<div class=\"\">\r\n\t\t<input placeholder=\"E-mail\"  required type=\"email\" data-field=\"fld_6009157\" class=\" form-control\" id=\"fld_6009157_2\" name=\"fld_6009157\" value=\"\" data-type=\"email\" aria-required=\"true\"   aria-labelledby=\"fld_6009157Label\" >\t\t\t<\/div>\r\n<\/div>\r\n<\/div><div  class=\"col-sm-6  last_col\"><div data-field-wrapper=\"fld_101363\" class=\"form-group\" id=\"fld_101363_2-wrap\">\r\n\t<label id=\"fld_101363Label\" for=\"fld_101363_2\" class=\"control-label\">Phone <span aria-hidden=\"true\" role=\"presentation\" class=\"field_required\" style=\"color:#ee0000;\">*<\/span><\/label>\r\n\t<div class=\"\">\r\n\t\t<input placeholder=\"Phone\" data-inputmask=\"'mask': '+36(99) 999-99-99'\"  required type=\"phone\" data-field=\"fld_101363\" class=\" form-control\" id=\"fld_101363_2\" name=\"fld_101363\" value=\"\" data-type=\"phone\" aria-required=\"true\"   aria-labelledby=\"fld_101363Label\" >\t\t\t<\/div>\r\n<\/div>\r\n<\/div><\/div><div id=\"CF608a4c2863fe1_2-row-4\"  class=\"row \"><div  class=\"col-sm-12  single\"><div data-field-wrapper=\"fld_4646839\" class=\"form-group\" id=\"fld_4646839_2-wrap\">\r\n\t<label id=\"fld_4646839Label\" for=\"fld_4646839_2\" class=\"control-label\">What kind type of research would you like to have? <span aria-hidden=\"true\" role=\"presentation\" class=\"field_required\" style=\"color:#ee0000;\">*<\/span><\/label>\r\n\t<div class=\"\">\r\n\t\t<textarea name=\"fld_4646839\" value=\"\" data-field=\"fld_4646839\" class=\"form-control\" id=\"fld_4646839_2\" rows=\"4\"  required=\"required\"  aria-labelledby=\"fld_4646839Label\" ><\/textarea>\n\t\t\t<\/div>\r\n<\/div>\r\n<div data-field-wrapper=\"fld_896822\" class=\"form-group\" id=\"fld_896822_2-wrap\">\r\n\t<label id=\"fld_896822Label\" for=\"fld_896822_2\" class=\"control-label\">Please let us know which package you are interested in! <span aria-hidden=\"true\" role=\"presentation\" class=\"field_required\" style=\"color:#ee0000;\">*<\/span><\/label>\r\n\t<div class=\"\">\r\n\t\t<textarea name=\"fld_896822\" value=\"\" data-field=\"fld_896822\" class=\"form-control\" id=\"fld_896822_2\" rows=\"1\"  required=\"required\"  aria-labelledby=\"fld_896822Label\" ><\/textarea>\n\t\t\t<\/div>\r\n<\/div>\r\n<\/div><\/div><div id=\"CF608a4c2863fe1_2-row-5\"  class=\"row  last_row\"><div  class=\"col-sm-12  single\"><div data-field-wrapper=\"fld_7532289\" class=\"form-group\" id=\"fld_7532289_2-wrap\">\r\n\t<label id=\"fld_7532289Label\" for=\"fld_7532289_2\" class=\"control-label\">Data processing <span aria-hidden=\"true\" role=\"presentation\" class=\"field_required\" style=\"color:#ee0000;\">*<\/span><\/label>\r\n\t<div class=\"\">\r\n\t\t\t\t\t\t\t\t\t\t\t<div class=\"checkbox\">\n\t\t\t\t\n                <label                         for=\"fld_7532289_2_opt1280762\"\n                >\n                            <input\n                                data-parsley-required=\"true\" data-parsley-group=\"fld_7532289_2\" data-parsley-multiple=\"fld_7532289_2\"                                type=\"checkbox\"\n                                data-label=\"By submitting this form, I acknowledge the contents of the data protection prospectus and consent to the processing of my data.\"\n                                data-field=\"fld_7532289\"\n                                id=\"fld_7532289_2_opt1280762\"\n                                class=\"fld_7532289_2 option-required\"\n                                name=\"fld_7532289[opt1280762]\"\n                                value=\"By submitting this form, I acknowledge the contents of the data protection prospectus and consent to the processing of my data.\"\n                                                                data-type=\"checkbox\"\n                                data-checkbox-field=\"fld_7532289_2\"\n                                                                data-calc-value=\"Az \u00fcrlap elk\u00fcld\u00e9s\u00e9vel tudom\u00e1sul veszem az adatv\u00e9delmi t\u00e1j\u00e9koztat\u00f3ban foglaltakat, \u00e9s hozz\u00e1j\u00e1rulok adataim kezel\u00e9s\u00e9hez.\"\n                            >\n                    By submitting this form, I acknowledge the contents of the data protection prospectus and consent to the processing of my data.                <\/label>\n\n                \t\t\t\t\t<\/div>\n\t\t\t\t\t\t\t\t\t\t\t<\/div>\r\n<\/div>\r\n<div data-field-wrapper=\"fld_7908577\" class=\"form-group\" id=\"fld_7908577_2-wrap\">\r\n<div class=\"\">\r\n\t<input  class=\"button primary radius-10\" type=\"submit\" name=\"fld_7908577\" id=\"fld_7908577_2\" value=\"Submit\" data-field=\"fld_7908577\"  >\n<\/div>\r\n<\/div>\r\n\t<input class=\"button_trigger_2\" type=\"hidden\" name=\"fld_7908577\" id=\"fld_7908577_2_btn\" value=\"\" data-field=\"fld_7908577\"  \/>\n<\/div><\/div><\/form>\r\n<\/div>\r\n\n\t\t<\/div>\n\t\t\t\t\t<\/div>\n\n\t\n\n<style>\n#row-200393012 > .col > .col-inner {\n  padding: 0px 15px 0px 15px;\n}\n<\/style>\n<\/div>\n\t\t<\/div>\n\t\t\t\t\n<style>\n#col-34011781 > .col-inner {\n  padding: 50px 20px 0px 20px;\n  margin: -0 0px 0px 0px;\n}\n@media (min-width:550px) {\n  #col-34011781 > .col-inner {\n    padding: 50px 20px 30px 20px;\n    margin: 0 0px 0px 0px;\n  }\n}\n@media (min-width:850px) {\n  #col-34011781 > .col-inner {\n    padding: 66px 5% 16px 5%;\n    margin: 0px 0px 0px 0px;\n  }\n}\n<\/style>\n\t<\/div>\n\n\t\n<\/div>\n\t\t<\/div>\n\n\t\t\n<style>\n#section_1197276479 {\n  padding-top: 30px;\n  padding-bottom: 30px;\n  margin-bottom: 0px;\n}\n<\/style>\n\t<\/section>","protected":false},"excerpt":{"rendered":"","protected":false},"author":1,"featured_media":0,"parent":0,"menu_order":0,"comment_status":"closed","ping_status":"closed","template":"page-transparent-header-light.php","meta":{"footnotes":""},"class_list":["post-649","page","type-page","status-publish","hentry"],"_links":{"self":[{"href":"https:\/\/business.pulzus.eu\/en\/wp-json\/wp\/v2\/pages\/649","targetHints":{"allow":["GET"]}}],"collection":[{"href":"https:\/\/business.pulzus.eu\/en\/wp-json\/wp\/v2\/pages"}],"about":[{"href":"https:\/\/business.pulzus.eu\/en\/wp-json\/wp\/v2\/types\/page"}],"author":[{"embeddable":true,"href":"https:\/\/business.pulzus.eu\/en\/wp-json\/wp\/v2\/users\/1"}],"replies":[{"embeddable":true,"href":"https:\/\/business.pulzus.eu\/en\/wp-json\/wp\/v2\/comments?post=649"}],"version-history":[{"count":3,"href":"https:\/\/business.pulzus.eu\/en\/wp-json\/wp\/v2\/pages\/649\/revisions"}],"predecessor-version":[{"id":2020,"href":"https:\/\/business.pulzus.eu\/en\/wp-json\/wp\/v2\/pages\/649\/revisions\/2020"}],"wp:attachment":[{"href":"https:\/\/business.pulzus.eu\/en\/wp-json\/wp\/v2\/media?parent=649"}],"curies":[{"name":"wp","href":"https:\/\/api.w.org\/{rel}","templated":true}]}}